

{"id":11,"date":"2024-12-20T09:05:00","date_gmt":"2024-12-20T09:05:00","guid":{"rendered":"https:\/\/tannenhof-griesheim.de\/?page_id=11"},"modified":"2025-02-12T16:14:30","modified_gmt":"2025-02-12T16:14:30","slug":"unsere-philosophie","status":"publish","type":"page","link":"https:\/\/tannenhof-griesheim.de\/index.php\/unsere-philosophie\/","title":{"rendered":"Unsere Philosophie"},"content":{"rendered":"\n<figure class=\"wp-block-image size-full is-resized no-margin\"><img loading=\"lazy\" decoding=\"async\" width=\"792\" height=\"344\" src=\"https:\/\/tannenhof-griesheim.de\/wp-content\/uploads\/2025\/01\/Philosophie.jpg\" alt=\"\" class=\"wp-image-256\" style=\"width:840px;height:auto\" srcset=\"https:\/\/tannenhof-griesheim.de\/wp-content\/uploads\/2025\/01\/Philosophie.jpg 792w, https:\/\/tannenhof-griesheim.de\/wp-content\/uploads\/2025\/01\/Philosophie-300x130.jpg 300w, https:\/\/tannenhof-griesheim.de\/wp-content\/uploads\/2025\/01\/Philosophie-768x334.jpg 768w\" sizes=\"auto, (max-width: 792px) 100vw, 792px\" \/><\/figure>\n\n\n\n<p class=\"wp-block-tannenhof-textarea-zitat site-title no-margin\">Unsere Philosophie <\/p>\n\n\n\n<div class=\"wp-block-group\"><div class=\"wp-block-group__inner-container is-layout-constrained wp-block-group-is-layout-constrained\">\n<h2 class=\"wp-block-heading\"><strong><em>An erster Stelle stehen die Pferde und ihre Bed\u00fcrfnisse.<\/em><\/strong><\/h2>\n\n\n\n<p>Wir arbeiten nicht im gro\u00dfen Stil, sondern k\u00f6nnen auf jedes Pferd und jeden Einsteller individuell eingehen. Indem wir viel selbst machen, k\u00f6nnen wir Qualit\u00e4t gew\u00e4hrleisten.<\/p>\n<\/div><\/div>\n\n\n\n<figure class=\"wp-block-image size-large no-margin\"><img loading=\"lazy\" decoding=\"async\" width=\"1024\" height=\"683\" src=\"https:\/\/tannenhof-griesheim.de\/wp-content\/uploads\/2025\/02\/CDE0D720-B6E0-4A34-8AB3-C94B9E6A34B4-1024x683.jpeg\" alt=\"\" class=\"wp-image-398\" srcset=\"https:\/\/tannenhof-griesheim.de\/wp-content\/uploads\/2025\/02\/CDE0D720-B6E0-4A34-8AB3-C94B9E6A34B4-1024x683.jpeg 1024w, https:\/\/tannenhof-griesheim.de\/wp-content\/uploads\/2025\/02\/CDE0D720-B6E0-4A34-8AB3-C94B9E6A34B4-300x200.jpeg 300w, https:\/\/tannenhof-griesheim.de\/wp-content\/uploads\/2025\/02\/CDE0D720-B6E0-4A34-8AB3-C94B9E6A34B4-768x512.jpeg 768w, https:\/\/tannenhof-griesheim.de\/wp-content\/uploads\/2025\/02\/CDE0D720-B6E0-4A34-8AB3-C94B9E6A34B4-1536x1024.jpeg 1536w, https:\/\/tannenhof-griesheim.de\/wp-content\/uploads\/2025\/02\/CDE0D720-B6E0-4A34-8AB3-C94B9E6A34B4-2048x1365.jpeg 2048w\" sizes=\"auto, (max-width: 1024px) 100vw, 1024px\" \/><\/figure>\n\n\n\n<div class=\"wp-block-group\"><div class=\"wp-block-group__inner-container is-layout-constrained wp-block-group-is-layout-constrained\">\n<p>Uns ist wichtig, dass der <strong><em>Respekt vor unserem Freizeitpartner Pferd<\/em><\/strong> gewahrt wird. Wir stehen f\u00fcr einen fairen Umgang und erwarten dies von jedem auf unserem Hof. Hilfsmittel, die gegen das Pferdewohl stehen sind nichts, was bei uns Anwendung findet.<\/p>\n\n\n\n<p><strong><em>Jeder soll sich wohlf\u00fchlen und in einer ruhigen Atmosph\u00e4re die Zeit mit seinem Pferd genie\u00dfen k\u00f6nnen. <\/em><\/strong>Zudem ist ein angeregter,h\u00f6flicher Austausch untereinander wichtig. Wir erwarten einen respektvollen Umgang miteinander.<\/p>\n\n\n\n<p>Es geht uns darum, durch <strong><em>Lernen und Weiterbildung<\/em><\/strong>, immer besser f\u00fcr sein Pferd zu werden. Daf\u00fcr schaffen wir den Raum.<\/p>\n\n\n\n<p>Durch die N\u00e4he zu unseren Einstellern sind wir <strong><em>ein Teil der Stallgemeinschaft.<\/em><\/strong><\/p>\n<\/div><\/div>\n\n\n\n<div class=\"wp-block-tannenhof-image-text-right img-block img-right\"><p class=\"wp-block-tannenhof-textarea-zitat zitat\">\u201eHarmonie entsteht, wenn der Reiter die Seele des Pferdes versteht.\u201c<br><span class=\"zitat-author\">~Nuno Olivera<\/span><\/p><img decoding=\"async\" src=\"https:\/\/tannenhof-griesheim.de\/wp-content\/uploads\/2025\/01\/Philosophie_Lucie.jpg\" alt=\"\"\/><\/div>\n\n\n\n<div class=\"wp-block-group\"><div class=\"wp-block-group__inner-container is-layout-constrained wp-block-group-is-layout-constrained\">\n<p>Wir setzen uns besonders f\u00fcr eine <strong><em>artgerechte Hengsthaltung<\/em><\/strong> ein.<\/p>\n\n\n\n<p>Hengste haben die gleichen Bed\u00fcrfnisse nach Sozialkontakt und Freiraum wie alle Pferde und dennoch werden sie vielerorts nicht Pferdegerecht gehalten.<\/p>\n\n\n\n<p>Ad\u00e4quate Hengsthaltung ist in unserer Region Mangelware, daher m\u00f6chten wir mit gutem Beispiel voran gehen.<\/p>\n\n\n\n<p>Unsere Hengste sind durch <strong><em>ausreichend Sozialkontakt, viel Zeit drau\u00dfen<\/em><\/strong> und eine <strong><em>ruhige Umgebung <\/em><\/strong>ganz normale, ausgeglichene Pferde.<\/p>\n\n\n\n<p>Unser Hof ist eine <strong><em>reine M\u00e4nner-Wg<\/em><\/strong>. Zudem sind die Pferde durch unsere strukturierten Abl\u00e4ufe und wenig Stallgeschehen, geringem Stress ausgesetzt.<\/p>\n<\/div><\/div>\n\n\n\n<figure class=\"wp-block-image size-large no-margin\"><img loading=\"lazy\" decoding=\"async\" width=\"1024\" height=\"683\" src=\"https:\/\/tannenhof-griesheim.de\/wp-content\/uploads\/2025\/02\/7607CCD5-1C14-432F-8FAB-79939FC71717-1024x683.jpeg\" alt=\"\" class=\"wp-image-393\" srcset=\"https:\/\/tannenhof-griesheim.de\/wp-content\/uploads\/2025\/02\/7607CCD5-1C14-432F-8FAB-79939FC71717-1024x683.jpeg 1024w, https:\/\/tannenhof-griesheim.de\/wp-content\/uploads\/2025\/02\/7607CCD5-1C14-432F-8FAB-79939FC71717-300x200.jpeg 300w, https:\/\/tannenhof-griesheim.de\/wp-content\/uploads\/2025\/02\/7607CCD5-1C14-432F-8FAB-79939FC71717-768x512.jpeg 768w, https:\/\/tannenhof-griesheim.de\/wp-content\/uploads\/2025\/02\/7607CCD5-1C14-432F-8FAB-79939FC71717-1536x1024.jpeg 1536w, https:\/\/tannenhof-griesheim.de\/wp-content\/uploads\/2025\/02\/7607CCD5-1C14-432F-8FAB-79939FC71717-2048x1365.jpeg 2048w\" sizes=\"auto, (max-width: 1024px) 100vw, 1024px\" \/><\/figure>\n\n\n\n<div class=\"wp-block-group\"><div class=\"wp-block-group__inner-container is-layout-constrained wp-block-group-is-layout-constrained\">\n<p><strong><em>Pferdegerechte F\u00fctterung und Haltung sind das A und O<\/em><\/strong>.<\/p>\n\n\n\n<p><strong><em>Pferde geh\u00f6ren nach drau\u00dfen! <\/em><\/strong>Sie stehen bei uns ganzj\u00e4hrig und bei fast jedem Wetter von morgens bis abends drau\u00dfen. Durch die Boxenhaltung \u00fcber Nacht haben sie, auch wenn sie tags\u00fcber vergesellschaftet sind, gen\u00fcgend Zeit zum Fressen, Schlafen und Futterrationen k\u00f6nnen individuell abgestimmt werden.<\/p>\n\n\n\n<p>Vergesellschaften muss nicht immer stressig sein, da wir den Pferden viel Zeit lassen und behutsam vorgehen. Das ist auch mit Hengsten m\u00f6glich und tut ihnen unglaublich gut.<\/p>\n\n\n\n<p>Gute Heuqualit\u00e4t und ausreichende Mengen bilden den Grundbaustein f\u00fcr die <strong><em>Pferdegesundheit und Zufriedenheit<\/em><\/strong>.<\/p>\n<\/div><\/div>\n\n\n\n<div class=\"wp-block-tannenhof-image-text-left img-block img-left\"><img decoding=\"async\" src=\"https:\/\/tannenhof-griesheim.de\/wp-content\/uploads\/2025\/01\/Philosophie_Mailin.jpg\" alt=\"\"\/><p class=\"wp-block-tannenhof-textarea-zitat zitat\">\u201eReitkunst ist die Verbindung zwischen Wissenschaft und Kunst\u201c <br><span class=\"zitat-author\">~Sonja Leitenstern<\/span><\/p><\/div>\n\n\n\n<div class=\"wp-block-group\"><div class=\"wp-block-group__inner-container is-layout-constrained wp-block-group-is-layout-constrained\">\n<p>Wir stehen f\u00fcr eine <strong><em>nachhaltige Ausbildung <\/em><\/strong>von Pferd und Reiter und <strong><em>gesund erhaltende Reiterei<\/em><\/strong>.<\/p>\n\n\n\n<p>Es braucht <strong><em>gen\u00fcgend Zeit<\/em><\/strong>, damit Pferd und Reiter miteinander wachsen k\u00f6nnen.<\/p>\n\n\n\n<p>Unsere Arbeit mit den Pferden richtet sich nach den Vorbildern alter Reitmeister sowie den <strong><em>individuellen Gegebenheiten<\/em><\/strong> des Pferd\/Reiter-Paares.<\/p>\n\n\n\n<p>Es ist eine Arbeit von der die Pferde sowohl <strong><em>k\u00f6rperlich<\/em><\/strong>, als auch <strong><em>mental<\/em><\/strong> profitieren. Die Basis ist ein Verst\u00e4ndnis von<strong><em> Biomechanik und Pferdeverhalten<\/em><\/strong>.<\/p>\n\n\n\n<p>Viele Pferde leiden still und verschlei\u00dfen durch die Unwissenheit ihrer Besitzer\u2026 Wir wollen gute Reiterei vermitteln und Freizeitreitern zu <strong><em>gesunden und gl\u00fccklichen Pferden<\/em><\/strong> verhelfen.<\/p>\n\n\n\n<p><strong><em>Was gibt es Sch\u00f6neres als ein motiviertes Pferd in Leichtigkeit?<\/em><\/strong><\/p>\n\n\n\n<p>In unserer kleinen heilen Welt, unserer Reitkunst-Seifenblase, m\u00f6chten wir <strong><em>unseren Pferden das beste Leben erm\u00f6glichen<\/em><\/strong> und allen Interessierten zu mehr<strong><em> Harmonie<\/em><\/strong> mit Ihren Pferden verhelfen.<\/p>\n\n\n\n<p>F\u00fcr mehr Reitkunst!<\/p>\n<\/div><\/div>\n\n\n\n<div class=\"trenner-green\"><\/div>\n\n\n\n<figure class=\"wp-block-image size-large no-bottom-margin\"><img loading=\"lazy\" decoding=\"async\" width=\"1024\" height=\"342\" src=\"https:\/\/tannenhof-griesheim.de\/wp-content\/uploads\/2025\/01\/Footer-1024x342.jpg\" alt=\"\" class=\"wp-image-223\" srcset=\"https:\/\/tannenhof-griesheim.de\/wp-content\/uploads\/2025\/01\/Footer-1024x342.jpg 1024w, https:\/\/tannenhof-griesheim.de\/wp-content\/uploads\/2025\/01\/Footer-300x100.jpg 300w, https:\/\/tannenhof-griesheim.de\/wp-content\/uploads\/2025\/01\/Footer-768x257.jpg 768w, https:\/\/tannenhof-griesheim.de\/wp-content\/uploads\/2025\/01\/Footer-1536x513.jpg 1536w, https:\/\/tannenhof-griesheim.de\/wp-content\/uploads\/2025\/01\/Footer.jpg 1679w\" sizes=\"auto, (max-width: 1024px) 100vw, 1024px\" \/><\/figure>\n","protected":false},"excerpt":{"rendered":"<p>Unsere Philosophie An erster Stelle stehen die Pferde und ihre Bed\u00fcrfnisse. Wir arbeiten nicht im gro\u00dfen Stil, sondern k\u00f6nnen auf jedes Pferd und jeden Einsteller individuell eingehen. Indem wir viel selbst machen, k\u00f6nnen wir Qualit\u00e4t gew\u00e4hrleisten. Uns ist wichtig, dass der Respekt vor unserem Freizeitpartner Pferd gewahrt wird. Wir stehen f\u00fcr einen fairen Umgang und [&hellip;]<\/p>\n","protected":false},"author":1,"featured_media":0,"parent":0,"menu_order":0,"comment_status":"closed","ping_status":"closed","template":"","meta":{"footnotes":""},"class_list":["post-11","page","type-page","status-publish","hentry"],"_links":{"self":[{"href":"https:\/\/tannenhof-griesheim.de\/index.php\/wp-json\/wp\/v2\/pages\/11","targetHints":{"allow":["GET"]}}],"collection":[{"href":"https:\/\/tannenhof-griesheim.de\/index.php\/wp-json\/wp\/v2\/pages"}],"about":[{"href":"https:\/\/tannenhof-griesheim.de\/index.php\/wp-json\/wp\/v2\/types\/page"}],"author":[{"embeddable":true,"href":"https:\/\/tannenhof-griesheim.de\/index.php\/wp-json\/wp\/v2\/users\/1"}],"replies":[{"embeddable":true,"href":"https:\/\/tannenhof-griesheim.de\/index.php\/wp-json\/wp\/v2\/comments?post=11"}],"version-history":[{"count":55,"href":"https:\/\/tannenhof-griesheim.de\/index.php\/wp-json\/wp\/v2\/pages\/11\/revisions"}],"predecessor-version":[{"id":410,"href":"https:\/\/tannenhof-griesheim.de\/index.php\/wp-json\/wp\/v2\/pages\/11\/revisions\/410"}],"wp:attachment":[{"href":"https:\/\/tannenhof-griesheim.de\/index.php\/wp-json\/wp\/v2\/media?parent=11"}],"curies":[{"name":"wp","href":"https:\/\/api.w.org\/{rel}","templated":true}]}}