

{"id":13,"date":"2024-12-20T09:05:12","date_gmt":"2024-12-20T09:05:12","guid":{"rendered":"https:\/\/tannenhof-griesheim.de\/?page_id=13"},"modified":"2025-07-11T10:39:21","modified_gmt":"2025-07-11T10:39:21","slug":"unser-team","status":"publish","type":"page","link":"https:\/\/tannenhof-griesheim.de\/index.php\/unser-team\/","title":{"rendered":"Unser Team"},"content":{"rendered":"\n<figure class=\"wp-block-image size-large no-margin\"><img loading=\"lazy\" decoding=\"async\" width=\"1024\" height=\"595\" src=\"https:\/\/tannenhof-griesheim.de\/wp-content\/uploads\/2025\/01\/Team_Header-1024x595.jpg\" alt=\"\" class=\"wp-image-283\" srcset=\"https:\/\/tannenhof-griesheim.de\/wp-content\/uploads\/2025\/01\/Team_Header-1024x595.jpg 1024w, https:\/\/tannenhof-griesheim.de\/wp-content\/uploads\/2025\/01\/Team_Header-300x174.jpg 300w, https:\/\/tannenhof-griesheim.de\/wp-content\/uploads\/2025\/01\/Team_Header-768x446.jpg 768w, https:\/\/tannenhof-griesheim.de\/wp-content\/uploads\/2025\/01\/Team_Header.jpg 1476w\" sizes=\"auto, (max-width: 1024px) 100vw, 1024px\" \/><\/figure>\n\n\n\n<p class=\"wp-block-tannenhof-textarea-zitat zitat\">Unser Team<\/p>\n\n\n\n<figure class=\"wp-block-image size-large no-bottom-margin margin-top-25\"><img loading=\"lazy\" decoding=\"async\" width=\"891\" height=\"1024\" src=\"https:\/\/tannenhof-griesheim.de\/wp-content\/uploads\/2025\/01\/Team_Mailin-891x1024.jpg\" alt=\"\" class=\"wp-image-285\" srcset=\"https:\/\/tannenhof-griesheim.de\/wp-content\/uploads\/2025\/01\/Team_Mailin-891x1024.jpg 891w, https:\/\/tannenhof-griesheim.de\/wp-content\/uploads\/2025\/01\/Team_Mailin-261x300.jpg 261w, https:\/\/tannenhof-griesheim.de\/wp-content\/uploads\/2025\/01\/Team_Mailin-768x883.jpg 768w, https:\/\/tannenhof-griesheim.de\/wp-content\/uploads\/2025\/01\/Team_Mailin.jpg 1036w\" sizes=\"auto, (max-width: 891px) 100vw, 891px\" \/><\/figure>\n\n\n\n<p class=\"wp-block-tannenhof-textarea-zitat zitat\">Mailin Sch\u00e4fer<\/p>\n\n\n\n<div class=\"wp-block-group\"><div class=\"wp-block-group__inner-container is-layout-constrained wp-block-group-is-layout-constrained\">\n<p>Mailin verbindet Leidenschaft und Fachwissen in ihrer Arbeit mit Pferden.<br>Seit 2024 studiert sie Biologie an der TU Darmstadt und vereint ihre wissenschaftliche Neugier mit ihrer Begeisterung f\u00fcr die Reitkunst.<br><br>Schon seit ihrer Kindheit pferdebegeistert, entdeckte sie 2020 durch ihr eigenes Pferd die Reitkunst. Seither hat Mailin intensiv Unterricht erhalten und sich kontinuierlich weitergebildet, sie ist unter anderem seit Jahren Sch\u00fclerin von Lucie Rodust.<br><br>Nach ihrem Abitur 2023 absolvierte sie ein sechsmonatiges Praktikum an der f\u00fcrstlichen Hofreitschule B\u00fcckeburg, wo sie wertvolle Einblicke in die Kunst der Pferdeausbildung und den Alltag mit Pferden gewann. Zus\u00e4tzlich hat Mailin den Sachkundenachweis Pferdehaltung erworben und legt gro\u00dfen Wert auf eine artgerechte und verantwortungsvolle Betreuung der Tiere. Ihre fundierten Kenntnisse und ihr Engagement kommen den Pferden stets zugute.<br><br>F\u00fcr sie bedeutet Reitkunst ein ganzheitliches Konzept der Haltung, Ausbildung und des Umgangs mit Pferden, das mit st\u00e4ndiger Weiterbildung einhergeht. Besonders fasziniert ist Mailin von der Arbeit mit Hengsten und Pferden mit besonderem Charakter, wobei ihr ihre ruhige und aufmerksame Art zugutekommt. Hier setzt sie sich gegen Vorurteile und f\u00fcr einen fairen Umgang ein. <br><br>Auf dem Tannenhof macht sie ihre Leidenschaft zum Beruf. Verantwortlich f\u00fcr die Versorgung der Pferde, bringt sie ihre Hingabe ein und steht in engem Kontakt mit Einstellern und Kunden. Ihr Ziel: Ein Ort mit gl\u00fccklichen, ausgeglichenen Pferden, an dem Harmonie in der Arbeit mit den Tieren an erster Stelle steht.<br><\/p>\n<\/div><\/div>\n\n\n\n<figure class=\"wp-block-image size-large no-bottom-margin\"><img loading=\"lazy\" decoding=\"async\" width=\"1024\" height=\"682\" src=\"https:\/\/tannenhof-griesheim.de\/wp-content\/uploads\/2025\/01\/Home_Team-1024x682.jpg\" alt=\"\" class=\"wp-image-246\" srcset=\"https:\/\/tannenhof-griesheim.de\/wp-content\/uploads\/2025\/01\/Home_Team-1024x682.jpg 1024w, https:\/\/tannenhof-griesheim.de\/wp-content\/uploads\/2025\/01\/Home_Team-300x200.jpg 300w, https:\/\/tannenhof-griesheim.de\/wp-content\/uploads\/2025\/01\/Home_Team-768x512.jpg 768w, https:\/\/tannenhof-griesheim.de\/wp-content\/uploads\/2025\/01\/Home_Team.jpg 1252w\" sizes=\"auto, (max-width: 1024px) 100vw, 1024px\" \/><\/figure>\n\n\n\n<p class=\"wp-block-tannenhof-textarea-zitat zitat\">Silke &#038; Richard Trissler<\/p>\n\n\n\n<div class=\"wp-block-group\"><div class=\"wp-block-group__inner-container is-layout-constrained wp-block-group-is-layout-constrained\">\n<p>Silke und Richard sind die treibende Kraft hinter dem Reitkunstzentrum Tannenhof. Neben ihren Berufen als IT-Spezialist und Kauffrau stemmen sie die organisatorischen Aufgaben im Hintergrund, unterst\u00fctzen bei der allt\u00e4glichen Versorgung der Pferde, k\u00fcmmern sich um die Instandhaltung des Hofes und sind aktiv am t\u00e4glichen Stallgeschehen beteiligt.<br><br>Durch ihre T\u00f6chter Mailin und Eleni Sch\u00e4fer sowie das erste eigene Pferd fanden sie zum Tannenhof und zur Pferdehaltung und wurden von der Reitkunst \u00fcberzeugt. Als der Hof 2022 vor dem Aus stand, erkannten sie die Bedeutung dieses einzigartigen Konzepts und \u00fcbernahmen ihn von Lucie Rodust. Durch die Fortlaufende Zusammenarbeit konnte das Fachwissen \u00fcber Pferde von Lucie durch ihre unternehmerischen Kenntnisse erg\u00e4nzt werden.<br><br>Seither setzen sie sich im Familienverband f\u00fcr die Verbesserung des Hofes und die Umsetzung des umfassenden Haltungskonzepts sowie f\u00fcr Ausbildungs- und Fortbildungsangebote ein. Ohne sie w\u00e4re all das nicht m\u00f6glich.<\/p>\n<\/div><\/div>\n\n\n\n<figure class=\"wp-block-image size-full no-bottom-margin\" id=\"lucie\"><img loading=\"lazy\" decoding=\"async\" width=\"972\" height=\"1013\" src=\"https:\/\/tannenhof-griesheim.de\/wp-content\/uploads\/2025\/01\/Team_Lucie.jpeg\" alt=\"\" class=\"wp-image-289\" srcset=\"https:\/\/tannenhof-griesheim.de\/wp-content\/uploads\/2025\/01\/Team_Lucie.jpeg 972w, https:\/\/tannenhof-griesheim.de\/wp-content\/uploads\/2025\/01\/Team_Lucie-288x300.jpeg 288w, https:\/\/tannenhof-griesheim.de\/wp-content\/uploads\/2025\/01\/Team_Lucie-768x800.jpeg 768w\" sizes=\"auto, (max-width: 972px) 100vw, 972px\" \/><\/figure>\n\n\n\n<p class=\"wp-block-tannenhof-textarea-zitat zitat\">Lucie Rodust<\/p>\n\n\n\n<div class=\"wp-block-group\"><div class=\"wp-block-group__inner-container is-layout-constrained wp-block-group-is-layout-constrained\">\n<p>Lucie Rodust ist eine Reiterin, gepr\u00e4gt von tiefer Leidenschaft und langj\u00e4hriger Erfahrung.<br>Schon in ihrer Kindheit begann sie, die Faszination f\u00fcr Pferde zu entdecken. Ihre Ausbildung zum Pferdewirt Zucht und Haltung (FN) schloss sie mit 21 Jahren ab. Schnell stellte sie fest, dass dieser<br>konventionelle Weg des Umgangs und der Ausbildung mit Pferden nicht der war, den sie langfristig beschreiten wollte.<br><br>Durch die Suche nach einem individuelleren, pferdegerechteren Ansatz fand sie ihren Weg \u00fcber das Westernreiten (Reining und Trail) zur altkalifornischen Reitweise und schlie\u00dflich zur klassischen iberischen Reitkunst. Besonders pr\u00e4gend war die Lehre des portugiesischen Reitmeisters Nuno Oliveira, dessen Philosophie sich bis heute als roter Faden durch ihre Arbeit zieht. Lucie Rodust vertiefte sich auch in die<br>Lekt\u00fcre anderer bedeutender Reitmeister aus Deutschland, Frankreich, Portugal und Spanien, um ihr Wissen stetig zu erweitern.<br><br>In \u00fcber 30 Jahren konnte sie bei vielen renommierten Ausbildern wertvolle Impulse und Anleitungen erhalten. Darunter Philippe Karl, Richard Hinrichs, Sonja Weber, Marc de Broissia, Senior Luis Valencia, Bent Branderup, Gilberto Filipe und viele andere. Diese Erfahrungen flossen in ihre eigene Arbeit mit Pferd und Reiter ein, die immer auf eine harmonische und respektvolle Zusammenarbeit ausgerichtet ist.<\/p>\n\n\n\n<p>Lucie hat in verschiedenen St\u00e4llen bei Z\u00fcchtern und Verk\u00e4ufern gearbeitet, Pferde auf Messen und Shows vorgestellt und sich auch in Portugal weitergebildet. Aus den \u00f6ffentlichen Auftritten zog sie sich allerdings zur\u00fcck, um sich ganz der individuellen und pers\u00f6nlichen Arbeit mit Pferd und Reiter zu widmen.<br><br>Besonders am Herzen liegt ihr die Harmonie in der Arbeit mit Pferden und Sch\u00fclern, um ganz ohne Zeitdruck und im Sinne des Pferdes in den Genuss sch\u00f6ner Momente mit dem Partner Pferd zu kommen.<br><br>Auf dem Tannenhof gibt sie ihr umfangreiches Wissen weiter und schult t\u00e4glich Reiter im Umgang und der Arbeit mit ihren Pferden. Durch ihre langj\u00e4hrige Erfahrung und ihr besonderes Gesp\u00fcr f\u00fcr die Pferde ist sie die richtige Ansprechpartnerin f\u00fcr s\u00e4mtliche Fragen.<br><br>Das Konzept des Hofes beruht auf ihrer Philosophie und hat schon einige Reiter zu wirklichen Pferdemenschen gemacht.<\/p>\n<\/div><\/div>\n\n\n\n<figure class=\"wp-block-image size-full no-bottom-margin\" id=\"ferris\"><img loading=\"lazy\" decoding=\"async\" width=\"876\" height=\"1017\" src=\"https:\/\/tannenhof-griesheim.de\/wp-content\/uploads\/2025\/01\/Team_Ferris.jpeg\" alt=\"\" class=\"wp-image-291\" srcset=\"https:\/\/tannenhof-griesheim.de\/wp-content\/uploads\/2025\/01\/Team_Ferris.jpeg 876w, https:\/\/tannenhof-griesheim.de\/wp-content\/uploads\/2025\/01\/Team_Ferris-258x300.jpeg 258w, https:\/\/tannenhof-griesheim.de\/wp-content\/uploads\/2025\/01\/Team_Ferris-768x892.jpeg 768w\" sizes=\"auto, (max-width: 876px) 100vw, 876px\" \/><\/figure>\n\n\n\n<p class=\"wp-block-tannenhof-textarea-zitat zitat\">Ferris Genz<\/p>\n\n\n\n<div class=\"wp-block-group\"><div class=\"wp-block-group__inner-container is-layout-constrained wp-block-group-is-layout-constrained\">\n<p>Ferris Genz ist ein Reiter, der mit Leib und Seele der Reitkunst verschrieben ist.<br><br>Schon von Kindesbeinen an, von der Faszination f\u00fcr die Reitkunst gepr\u00e4gt, hat er seine Leidenschaft in seine Berufung verwandelt. Seine Hingabe f\u00fchrte ihn zur F\u00fcrstlichen Hofreitschule zu B\u00fcckeburg, wo er seine Ausbildung zum Pferdewirt mit Auszeichnung abschloss. Diesen Erfolg unterstrich er mit dem Gewinn des Niedersachsenentscheids des Berufswettbewerbs f\u00fcr Pferdewirte 2023.<br><br>Daraufhin zog es ihn f\u00fcr zehn Monate nach Portugal zu Gon\u00e7alo Linhas, einem herausragenden Reiter n\u00f6rdlich von Lissabon, um sein Wissen weiter zu vertiefen. Inspiriert von den Lehren seiner Mentoren, verfeinert Ferris stetig seine Techniken und seinen Blick f\u00fcr die feine Kommunikation zwischen Reiter und Pferd.<br><br>F\u00fcr Ferris ist Lernen ein lebenslanger Prozess: Sein Streben, Pferde und Reiter immer besser zu verstehen und weiterzuentwickeln, ist das Fundament seiner Arbeit.<br><br>Seine Leidenschaft ist die Ausbildung von Pferd und Reiter, hier vermittelt er mit einem tiefgr\u00fcndigen Verst\u00e4ndnis. Durch seine geduldige und einf\u00fchlsame Art schafft er es unter anderem, seine Sch\u00fcler zu besseren Pferdemenschen zu machen.<br><br>Ab Juni 2025 erg\u00e4nzt Ferris das Team des Tannenhofs und geht seiner Passion als Ausbilder nach. \u00dcberzeugt von dem Konzept des Reitkunstzentrums bringt er diesen Ort durch sein Wissen und Engagement voran.<\/p>\n<\/div><\/div>\n\n\n\n<p><\/p>\n\n\n\n<p><\/p>\n\n\n\n<figure class=\"wp-block-image size-large no-bottom-margin\"><img loading=\"lazy\" decoding=\"async\" width=\"1024\" height=\"780\" src=\"https:\/\/tannenhof-griesheim.de\/wp-content\/uploads\/2025\/01\/Team_Manzanares-1024x780.jpg\" alt=\"\" class=\"wp-image-293\" srcset=\"https:\/\/tannenhof-griesheim.de\/wp-content\/uploads\/2025\/01\/Team_Manzanares-1024x780.jpg 1024w, https:\/\/tannenhof-griesheim.de\/wp-content\/uploads\/2025\/01\/Team_Manzanares-300x229.jpg 300w, https:\/\/tannenhof-griesheim.de\/wp-content\/uploads\/2025\/01\/Team_Manzanares-768x585.jpg 768w, https:\/\/tannenhof-griesheim.de\/wp-content\/uploads\/2025\/01\/Team_Manzanares.jpg 1326w\" sizes=\"auto, (max-width: 1024px) 100vw, 1024px\" \/><\/figure>\n\n\n\n<div class=\"wp-block-group green-block\"><div class=\"wp-block-group__inner-container is-layout-constrained wp-block-group-is-layout-constrained\">\n<p>Ein gro\u00dfes Dankesch\u00f6n richtet sich an unsere Aushilfen denen wir guten Gewissens die Versorgung der Pferde anvertrauen k\u00f6nnen, wenn wir selber einmal nicht da sind. <br>Au\u00dferdem sind wir sehr dankbar f\u00fcr die helfenden H\u00e4nde aus unserer Stallgemeinschaft, die uns regelm\u00e4\u00dfig unterst\u00fctzen und uns in unserer Arbeit best\u00e4rken.<\/p>\n<\/div><\/div>\n\n\n\n<p><\/p>\n\n\n\n<p><\/p>\n\n\n\n<div class=\"trenner-green\"><\/div>\n\n\n\n<figure class=\"wp-block-image size-large no-bottom-margin\"><img loading=\"lazy\" decoding=\"async\" width=\"1024\" height=\"342\" src=\"https:\/\/tannenhof-griesheim.de\/wp-content\/uploads\/2025\/01\/Footer-1024x342.jpg\" alt=\"\" class=\"wp-image-223\" srcset=\"https:\/\/tannenhof-griesheim.de\/wp-content\/uploads\/2025\/01\/Footer-1024x342.jpg 1024w, https:\/\/tannenhof-griesheim.de\/wp-content\/uploads\/2025\/01\/Footer-300x100.jpg 300w, https:\/\/tannenhof-griesheim.de\/wp-content\/uploads\/2025\/01\/Footer-768x257.jpg 768w, https:\/\/tannenhof-griesheim.de\/wp-content\/uploads\/2025\/01\/Footer-1536x513.jpg 1536w, https:\/\/tannenhof-griesheim.de\/wp-content\/uploads\/2025\/01\/Footer.jpg 1679w\" sizes=\"auto, (max-width: 1024px) 100vw, 1024px\" \/><\/figure>\n","protected":false},"excerpt":{"rendered":"<p>Unser Team Mailin Sch\u00e4fer Mailin verbindet Leidenschaft und Fachwissen in ihrer Arbeit mit Pferden.Seit 2024 studiert sie Biologie an der TU Darmstadt und vereint ihre wissenschaftliche Neugier mit ihrer Begeisterung f\u00fcr die Reitkunst. Schon seit ihrer Kindheit pferdebegeistert, entdeckte sie 2020 durch ihr eigenes Pferd die Reitkunst. Seither hat Mailin intensiv Unterricht erhalten und sich [&hellip;]<\/p>\n","protected":false},"author":1,"featured_media":0,"parent":0,"menu_order":0,"comment_status":"closed","ping_status":"closed","template":"","meta":{"footnotes":""},"class_list":["post-13","page","type-page","status-publish","hentry"],"_links":{"self":[{"href":"https:\/\/tannenhof-griesheim.de\/index.php\/wp-json\/wp\/v2\/pages\/13","targetHints":{"allow":["GET"]}}],"collection":[{"href":"https:\/\/tannenhof-griesheim.de\/index.php\/wp-json\/wp\/v2\/pages"}],"about":[{"href":"https:\/\/tannenhof-griesheim.de\/index.php\/wp-json\/wp\/v2\/types\/page"}],"author":[{"embeddable":true,"href":"https:\/\/tannenhof-griesheim.de\/index.php\/wp-json\/wp\/v2\/users\/1"}],"replies":[{"embeddable":true,"href":"https:\/\/tannenhof-griesheim.de\/index.php\/wp-json\/wp\/v2\/comments?post=13"}],"version-history":[{"count":28,"href":"https:\/\/tannenhof-griesheim.de\/index.php\/wp-json\/wp\/v2\/pages\/13\/revisions"}],"predecessor-version":[{"id":548,"href":"https:\/\/tannenhof-griesheim.de\/index.php\/wp-json\/wp\/v2\/pages\/13\/revisions\/548"}],"wp:attachment":[{"href":"https:\/\/tannenhof-griesheim.de\/index.php\/wp-json\/wp\/v2\/media?parent=13"}],"curies":[{"name":"wp","href":"https:\/\/api.w.org\/{rel}","templated":true}]}}