

{"id":17,"date":"2024-12-20T09:05:40","date_gmt":"2024-12-20T09:05:40","guid":{"rendered":"https:\/\/tannenhof-griesheim.de\/?page_id=17"},"modified":"2025-07-09T08:00:11","modified_gmt":"2025-07-09T08:00:11","slug":"unterricht-beritt","status":"publish","type":"page","link":"https:\/\/tannenhof-griesheim.de\/index.php\/unterricht-beritt\/","title":{"rendered":"Unterricht &amp; Beritt"},"content":{"rendered":"\n<figure class=\"wp-block-image size-large no-margin\"><img loading=\"lazy\" decoding=\"async\" width=\"1024\" height=\"683\" src=\"https:\/\/tannenhof-griesheim.de\/wp-content\/uploads\/2025\/02\/unterricht4-1024x683.jpeg\" alt=\"\" class=\"wp-image-317\" srcset=\"https:\/\/tannenhof-griesheim.de\/wp-content\/uploads\/2025\/02\/unterricht4-1024x683.jpeg 1024w, https:\/\/tannenhof-griesheim.de\/wp-content\/uploads\/2025\/02\/unterricht4-300x200.jpeg 300w, https:\/\/tannenhof-griesheim.de\/wp-content\/uploads\/2025\/02\/unterricht4-768x512.jpeg 768w, https:\/\/tannenhof-griesheim.de\/wp-content\/uploads\/2025\/02\/unterricht4-1536x1024.jpeg 1536w, https:\/\/tannenhof-griesheim.de\/wp-content\/uploads\/2025\/02\/unterricht4.jpeg 1968w\" sizes=\"auto, (max-width: 1024px) 100vw, 1024px\" \/><\/figure>\n\n\n\n<p class=\"wp-block-tannenhof-textarea-zitat zitat\">Unterricht &amp; Beritt<\/p>\n\n\n\n<div class=\"wp-block-group\"><div class=\"wp-block-group__inner-container is-layout-constrained wp-block-group-is-layout-constrained\">\n<p><strong>Ausbildung von Pferd und Reiter nach klassischen Grunds\u00e4tzen<\/strong><br><br>Unser Ausbildungsangebot richtet sich an jeden, der sich im Sinne seines Pferdes weiterentwickeln m\u00f6chte und <strong><em>Harmonie mit seinem Freizeitpartner<\/em><\/strong> anstrebt.<br><br>Hierbei spielen Ausbildungsstand, Alter und Vorgeschichte von Pferd und Reiter keine Rolle. Jeder kann durch eine individuelle Betreuung eine bessere Version seiner selbst werden. Unser Ziel ist es, <strong><em>gesunderhaltende Reiterei f\u00fcr jeden zug\u00e4nglich<\/em><\/strong> zu machen.<\/p>\n<\/div><\/div>\n\n\n\n<div class=\"wp-block-tannenhof-image-text-left img-block img-left no-top-bottom-margin\"><img decoding=\"async\" src=\"https:\/\/tannenhof-griesheim.de\/wp-content\/uploads\/2025\/02\/unterricht6.jpeg\" alt=\"\"\/><p class=\"wp-block-tannenhof-textarea-zitat zitat\">\u201eDie Dressur ist die Kunst, das Pferd in seiner nat\u00fcrlichen Sch\u00f6nheit zur Geltung zu bringen\u201c <br><span class=\"zitat-author\">~Nuno Oliveira<\/span><\/p><\/div>\n\n\n\n<div class=\"wp-block-group\"><div class=\"wp-block-group__inner-container is-layout-constrained wp-block-group-is-layout-constrained\">\n<p>Wir vermitteln eine Art der Reiterei, die die Pferde nachhaltig in ein besseres <strong><em>k\u00f6rperliches und mentales Gleichgewicht <\/em><\/strong>bringt. Indem wir gesunde Bewegungsmuster und ein Verst\u00e4ndnis daf\u00fcr schulen,<br>profitieren Pferd und Reiter langfristig.<br><br>Zudem braucht es ein <strong><em>vertrauensvolles Verh\u00e4ltnis<\/em><\/strong> zwischen Mensch und Pferd, f\u00fcr beide sollte die <strong><em>Freude an der Arbeit<\/em><\/strong> an erster Stelle stehen.<br><br>Eine <strong><em>feine Kommunikation<\/em><\/strong> entsteht nicht von jetzt auf gleich, Pferde und Reiter werden mit <strong><em>Geduld und Respekt<\/em><\/strong> gef\u00f6rdert.<br><br>Die M\u00f6glichkeiten die wir mit unseren Pferden haben sind dabei um einiges vielf\u00e4ltiger als nur das Reiten.<br>Auch an der Hand oder in der Freiarbeit k\u00f6nnen wir <strong><em>individuelle Talente<\/em><\/strong> entdecken, die <strong><em>Motivation <\/em><\/strong>steigern und die <strong><em>Tragf\u00e4higkeit gezielt verbessern<\/em><\/strong>.<\/p>\n<\/div><\/div>\n\n\n\n<div class=\"wp-block-tannenhof-image-text-right img-block img-right no-top-bottom-margin\"><p class=\"wp-block-tannenhof-textarea-zitat zitat\">\u201eHarmonie ist das Ergebnis von Geduld, Gef\u00fchl und Verst\u00e4ndnis\u201c<br><span class=\"zitat-author\">~Antoine de Pluvinel<\/span><\/p><img decoding=\"async\" src=\"https:\/\/tannenhof-griesheim.de\/wp-content\/uploads\/2025\/02\/unterricht7.jpg\" alt=\"\"\/><\/div>\n\n\n\n<ul class=\"wp-block-list\">\n<li>Du m\u00f6chtest f\u00fchlen wie sich eine hauchfeine Kommunikation und eine ehrliche Verbindung zu deinem Pferd anf\u00fchlen?<\/li>\n<\/ul>\n\n\n\n<p><\/p>\n\n\n\n<ul class=\"wp-block-list\">\n<li>Du m\u00f6chtest verstehen was hinter Bewegungen und Lektionen steckt?<\/li>\n<\/ul>\n\n\n\n<p><\/p>\n\n\n\n<ul class=\"wp-block-list\">\n<li>Du m\u00f6chtest lernen wie du deinem Pferd langfristig gut tust?<\/li>\n<\/ul>\n\n\n\n<p><\/p>\n\n\n\n<ul class=\"wp-block-list\">\n<li>Du willst in den Genuss der Reitkunst kommen?<\/li>\n<\/ul>\n\n\n\n<div class=\"wp-block-group no-top-bottom-margin no-top-bottom-padding\"><div class=\"wp-block-group__inner-container is-layout-constrained wp-block-group-is-layout-constrained\">\n<p>Dann bist du bei uns richtig!<br><br><strong><em>Einem Ort an dem sich Leidenschaft f\u00fcr Pferde mit fundiertem Wissen vereint.<\/em><\/strong><\/p>\n<\/div><\/div>\n\n\n\n<div class=\"wp-block-tannenhof-image-text-left img-block img-left\"><img decoding=\"async\" src=\"https:\/\/tannenhof-griesheim.de\/wp-content\/uploads\/2025\/02\/unterricht8.jpg\" alt=\"\"\/><p class=\"wp-block-tannenhof-textarea-zitat zitat\">\u201eReiten hei\u00dft, nicht gegen das Pferd zu arbeiten, sondern mit ihm.\u201c <br><span class=\"zitat-author\">~Egon von Neindorff<\/span><\/p><\/div>\n\n\n\n<div class=\"wp-block-group\"><div class=\"wp-block-group__inner-container is-layout-constrained wp-block-group-is-layout-constrained\">\n<p>Unsere Ausbilder <strong><em>Ferris Genz<\/em><\/strong> und<strong><em> Lucie Rodust<\/em><\/strong> haben sich dieser Arbeit mit Herzblut verschrieben.<br><br>Durch ihre Leidenschaft und ihr K\u00f6nnen begleiten sie zahlreiche Sch\u00fcler dabei, ganzheitlich bessere Pferdemenschen zu werden.<\/p>\n<\/div><\/div>\n\n\n\n<p class=\"wp-block-tannenhof-textarea-zitat zitat\">Unsere Ausbilder<\/p>\n\n\n\n<figure class=\"wp-block-image size-full is-resized no-margin\"><img loading=\"lazy\" decoding=\"async\" width=\"792\" height=\"792\" src=\"https:\/\/tannenhof-griesheim.de\/wp-content\/uploads\/2025\/02\/unterricht9.jpg\" alt=\"\" class=\"wp-image-332\" style=\"width:840px;height:auto\" srcset=\"https:\/\/tannenhof-griesheim.de\/wp-content\/uploads\/2025\/02\/unterricht9.jpg 792w, https:\/\/tannenhof-griesheim.de\/wp-content\/uploads\/2025\/02\/unterricht9-300x300.jpg 300w, https:\/\/tannenhof-griesheim.de\/wp-content\/uploads\/2025\/02\/unterricht9-150x150.jpg 150w, https:\/\/tannenhof-griesheim.de\/wp-content\/uploads\/2025\/02\/unterricht9-768x768.jpg 768w\" sizes=\"auto, (max-width: 792px) 100vw, 792px\" \/><\/figure>\n\n\n\n<p class=\"wp-block-tannenhof-textarea-zitat zitat\">Ferris Genz<\/p>\n\n\n\n<div class=\"wp-block-group\"><div class=\"wp-block-group__inner-container is-layout-constrained wp-block-group-is-layout-constrained\">\n<p>F\u00fcr Ferris ist Lernen ein lebenslanger Prozess:<br>Sein Streben, Pferde und Reiter immer besser zu verstehen und weiterzuentwickeln ist das Fundament seiner Arbeit.<br>Im Unterricht steht f\u00fcr ihn das Warum? im Fokus.<br>Jede \u00dcbung, jede Lektion wird mit einem tiefgr\u00fcndigen Verst\u00e4ndnis vermittelt &#8211; theoretisch fundiert und praktisch nachvollziehbar.<br>Seine Feinf\u00fchligkeit und sein Gesp\u00fcr f\u00fcr die Pferde macht seine Arbeit besonders.<br>Mit Geduld, Fachwissen und einem geschulten Auge nimmt er Reiter und Pferd individuell an die Hand und auf den Weg der korrekten Ausbildung.<\/p>\n\n\n\n<div class=\"text-block-button\">\n  <a href=\"https:\/\/tannenhof-griesheim.de\/index.php\/unser-team\/#ferris\" rel=\"noopener noreferrer\">\n    <span class=\"button-frame\">mehr \u00fcber Ferris<\/span>\n  <\/a>\n<\/div>\n<\/div><\/div>\n\n\n\n<div class=\"green-block-center\"><p><strong><em>direkter Kontakt zu Ferris<\/strong><\/em><br><br>Telefon\/WhatsApp: 0151\/70176597<br>Email: ferrisgenz@gmx.de<br>Instagram: ferris_genz<br>Facebook: Ferris Genz<br><\/p><\/div>\n\n\n\n<figure class=\"wp-block-image size-large no-margin\"><img loading=\"lazy\" decoding=\"async\" width=\"1024\" height=\"1024\" src=\"https:\/\/tannenhof-griesheim.de\/wp-content\/uploads\/2025\/02\/unterrcht10-1-1024x1024.jpeg\" alt=\"\" class=\"wp-image-336\" srcset=\"https:\/\/tannenhof-griesheim.de\/wp-content\/uploads\/2025\/02\/unterrcht10-1-1024x1024.jpeg 1024w, https:\/\/tannenhof-griesheim.de\/wp-content\/uploads\/2025\/02\/unterrcht10-1-300x300.jpeg 300w, https:\/\/tannenhof-griesheim.de\/wp-content\/uploads\/2025\/02\/unterrcht10-1-150x150.jpeg 150w, https:\/\/tannenhof-griesheim.de\/wp-content\/uploads\/2025\/02\/unterrcht10-1-768x768.jpeg 768w, https:\/\/tannenhof-griesheim.de\/wp-content\/uploads\/2025\/02\/unterrcht10-1.jpeg 1200w\" sizes=\"auto, (max-width: 1024px) 100vw, 1024px\" \/><\/figure>\n\n\n\n<p class=\"wp-block-tannenhof-textarea-zitat zitat\">Lucie Rodust<\/p>\n\n\n\n<div class=\"wp-block-group\"><div class=\"wp-block-group__inner-container is-layout-constrained wp-block-group-is-layout-constrained\">\n<p>Lucies Ziel ist die gemeinsame Arbeit im Sinne des Pferdes. Die Ausbildung soll Pferd und Reiter Spa\u00df machen, dabei ist ihr Mantra:<br>Reiten in Harmonie!<br>Sie ist bestrebt immer den besten Weg f\u00fcr ihre Sch\u00fcler und die jeweiligen Pferde zu finden, um ihnen optimal auf ihren pers\u00f6nlichen Wegen weiterzuhelfen. Durch ihre langj\u00e4hrige und vielf\u00e4ltige Erfahrung wei\u00df sie schnell und pr\u00e4zise was Reiter und Pferd ben\u00f6tigen. Sie hat ein bemerkenswertes Verst\u00e4ndnis f\u00fcr Pferde, das sich in ihrer Arbeit widerspiegelt<\/p>\n\n\n\n<div class=\"text-block-button\">\n  <a href=\"https:\/\/tannenhof-griesheim.de\/index.php\/unser-team\/#lucie\" rel=\"noopener noreferrer\">\n    <span class=\"button-frame\">mehr \u00fcber Lucie<\/span>\n  <\/a>\n<\/div>\n<\/div><\/div>\n\n\n\n<p class=\"wp-block-tannenhof-textarea-zitat zitat\">Angebote unserer Ausbilder<\/p>\n\n\n\n<figure class=\"wp-block-image size-large no-margin\"><img loading=\"lazy\" decoding=\"async\" width=\"1024\" height=\"682\" src=\"https:\/\/tannenhof-griesheim.de\/wp-content\/uploads\/2025\/02\/unterrcht1-1024x682.jpg\" alt=\"\" class=\"wp-image-325\" srcset=\"https:\/\/tannenhof-griesheim.de\/wp-content\/uploads\/2025\/02\/unterrcht1-1024x682.jpg 1024w, https:\/\/tannenhof-griesheim.de\/wp-content\/uploads\/2025\/02\/unterrcht1-300x200.jpg 300w, https:\/\/tannenhof-griesheim.de\/wp-content\/uploads\/2025\/02\/unterrcht1-768x512.jpg 768w, https:\/\/tannenhof-griesheim.de\/wp-content\/uploads\/2025\/02\/unterrcht1-1536x1023.jpg 1536w, https:\/\/tannenhof-griesheim.de\/wp-content\/uploads\/2025\/02\/unterrcht1.jpg 1555w\" sizes=\"auto, (max-width: 1024px) 100vw, 1024px\" \/><\/figure>\n\n\n\n<p class=\"wp-block-tannenhof-textarea-zitat zitat\">Unterricht<\/p>\n\n\n\n<div class=\"wp-block-group\"><div class=\"wp-block-group__inner-container is-layout-constrained wp-block-group-is-layout-constrained\">\n<p>Auf unserem Hof und in der n\u00e4heren Umgebung, bieten Ferris und Lucie individuellen Einzelunterricht f\u00fcr dich und dein Pferd an.<br><br>In den 30-60 min\u00fctigen Einheiten wird jeder Reiter dort abgeholt wo er steht und je nach Wunsch in der ganzen Bandbreite der Arbeit mit Pferden (Reiten, Sitzschulung, Handarbeit, Langz\u00fcgel, (Doppel-) Longe, Freiarbeit und vieles mehr) geschult.<br><br>Komm mit deinem Pferd gerne f\u00fcr Unterricht zu uns, wir bieten auch Gastboxen an und du kannst deinen H\u00e4nger bequem auf unserer Anlage parken.<br><br>\u00dcbrigens:<br>Auch Stuten sind f\u00fcr einzelne Unterrichtseinheiten auf unserem Hof herzlich Willkommen.<\/p>\n<\/div><\/div>\n\n\n\n<figure class=\"wp-block-image size-large no-margin\"><img loading=\"lazy\" decoding=\"async\" width=\"1024\" height=\"683\" src=\"https:\/\/tannenhof-griesheim.de\/wp-content\/uploads\/2025\/02\/unterricht2-1024x683.jpg\" alt=\"\" class=\"wp-image-327\" srcset=\"https:\/\/tannenhof-griesheim.de\/wp-content\/uploads\/2025\/02\/unterricht2-1024x683.jpg 1024w, https:\/\/tannenhof-griesheim.de\/wp-content\/uploads\/2025\/02\/unterricht2-300x200.jpg 300w, https:\/\/tannenhof-griesheim.de\/wp-content\/uploads\/2025\/02\/unterricht2-768x512.jpg 768w, https:\/\/tannenhof-griesheim.de\/wp-content\/uploads\/2025\/02\/unterricht2.jpg 1414w\" sizes=\"auto, (max-width: 1024px) 100vw, 1024px\" \/><\/figure>\n\n\n\n<p class=\"wp-block-tannenhof-textarea-zitat zitat\">Beritt<\/p>\n\n\n\n<div class=\"wp-block-group\"><div class=\"wp-block-group__inner-container is-layout-constrained wp-block-group-is-layout-constrained\">\n<p>Neben dem Unterricht bieten Ferris und Lucie Beritt an, in dem die Pferde intensiv und mit viel Feingef\u00fchl gef\u00f6rdert werden.<br><br>Auch hier geh\u00f6ren neben dem Reiten unter anderem die klassische Handarbeit, die Arbeit an der Longe und die Freiarbeit zur Ausbildung dazu, um die Tragf\u00e4higkeit der Pferde und das Verst\u00e4ndnis<br>f\u00fcr Lektionen bestm\u00f6glich zu verbessern.<br>In Kontakt und Zusammenarbeit mit den Besitzern werden Grundlagen geschaffen, Bestehendes verfeinert, oder bis zur hohen Schule ausgebildet.<br><br>Aktuell haben wir Platz f\u00fcr 1-2 Berittpferde (ausschlie\u00dflich Hengste\/Wallache) auf unserem Hof.<\/p>\n<\/div><\/div>\n\n\n\n<p class=\"wp-block-tannenhof-textarea-zitat zitat\">Aktuell: Kurssaison 2025<\/p>\n\n\n\n<div class=\"wp-block-tannenhof-image-text-left img-block img-left no-margin\"><img decoding=\"async\" src=\"https:\/\/tannenhof-griesheim.de\/wp-content\/uploads\/2025\/02\/unterricht3.jpeg\" alt=\"\"\/><p class=\"text-left\">Ferris Genz bietet auf dem Tannenhof und Europaweit Kurse an. Eine tolle M\u00f6glichkeit um in den Genuss seines Unterrichts zu kommen!<br>\nMelde dich, um einen freien Kursplatz in deiner N\u00e4he zu finden, oder einen Kurs mit ihm zu organisieren unter <a class=\"link_no_deco\" href=\"mailto:ferrisgenz@gmx.de\">ferrisgenz@gmx.de<\/a><\/p><\/div>\n\n\n\n<div class=\"green-block-center margin-top-30\"><p>Du bist neugierig und m\u00f6chtest mehr erfahren?<br>Oder m\u00f6chtest Beratung zu unserem Ausbildungsangebot?<br><br><strong><em>Kontaktiere uns!<\/strong><\/em><br><br>Telefon\/WhatsApp: 0155\/61620456<br>Email: info@tannenhof-griesheim.de<br>Instagram: tannenhof.griesheim<br>Facebook: Tannenhof &#8211; Zentrum f\u00fcr klassische Reitkunst<br><\/p><\/div>\n\n\n\n<div class=\"trenner-green\"><\/div>\n\n\n\n<figure class=\"wp-block-image size-large no-bottom-margin\"><img loading=\"lazy\" decoding=\"async\" width=\"1024\" height=\"342\" src=\"https:\/\/tannenhof-griesheim.de\/wp-content\/uploads\/2025\/01\/Footer-1024x342.jpg\" alt=\"\" class=\"wp-image-223\" srcset=\"https:\/\/tannenhof-griesheim.de\/wp-content\/uploads\/2025\/01\/Footer-1024x342.jpg 1024w, https:\/\/tannenhof-griesheim.de\/wp-content\/uploads\/2025\/01\/Footer-300x100.jpg 300w, https:\/\/tannenhof-griesheim.de\/wp-content\/uploads\/2025\/01\/Footer-768x257.jpg 768w, https:\/\/tannenhof-griesheim.de\/wp-content\/uploads\/2025\/01\/Footer-1536x513.jpg 1536w, https:\/\/tannenhof-griesheim.de\/wp-content\/uploads\/2025\/01\/Footer.jpg 1679w\" sizes=\"auto, (max-width: 1024px) 100vw, 1024px\" \/><\/figure>\n","protected":false},"excerpt":{"rendered":"<p>Unterricht &amp; Beritt Ausbildung von Pferd und Reiter nach klassischen Grunds\u00e4tzen Unser Ausbildungsangebot richtet sich an jeden, der sich im Sinne seines Pferdes weiterentwickeln m\u00f6chte und Harmonie mit seinem Freizeitpartner anstrebt. Hierbei spielen Ausbildungsstand, Alter und Vorgeschichte von Pferd und Reiter keine Rolle. Jeder kann durch eine individuelle Betreuung eine bessere Version seiner selbst werden. [&hellip;]<\/p>\n","protected":false},"author":1,"featured_media":0,"parent":0,"menu_order":0,"comment_status":"closed","ping_status":"closed","template":"","meta":{"footnotes":""},"class_list":["post-17","page","type-page","status-publish","hentry"],"_links":{"self":[{"href":"https:\/\/tannenhof-griesheim.de\/index.php\/wp-json\/wp\/v2\/pages\/17","targetHints":{"allow":["GET"]}}],"collection":[{"href":"https:\/\/tannenhof-griesheim.de\/index.php\/wp-json\/wp\/v2\/pages"}],"about":[{"href":"https:\/\/tannenhof-griesheim.de\/index.php\/wp-json\/wp\/v2\/types\/page"}],"author":[{"embeddable":true,"href":"https:\/\/tannenhof-griesheim.de\/index.php\/wp-json\/wp\/v2\/users\/1"}],"replies":[{"embeddable":true,"href":"https:\/\/tannenhof-griesheim.de\/index.php\/wp-json\/wp\/v2\/comments?post=17"}],"version-history":[{"count":61,"href":"https:\/\/tannenhof-griesheim.de\/index.php\/wp-json\/wp\/v2\/pages\/17\/revisions"}],"predecessor-version":[{"id":546,"href":"https:\/\/tannenhof-griesheim.de\/index.php\/wp-json\/wp\/v2\/pages\/17\/revisions\/546"}],"wp:attachment":[{"href":"https:\/\/tannenhof-griesheim.de\/index.php\/wp-json\/wp\/v2\/media?parent=17"}],"curies":[{"name":"wp","href":"https:\/\/api.w.org\/{rel}","templated":true}]}}