

{"id":19,"date":"2024-12-20T09:05:57","date_gmt":"2024-12-20T09:05:57","guid":{"rendered":"https:\/\/tannenhof-griesheim.de\/?page_id=19"},"modified":"2025-07-07T08:36:18","modified_gmt":"2025-07-07T08:36:18","slug":"kurse-seminare","status":"publish","type":"page","link":"https:\/\/tannenhof-griesheim.de\/index.php\/kurse-seminare\/","title":{"rendered":"Kurse &amp; Seminare"},"content":{"rendered":"\n<figure class=\"wp-block-image size-large no-margin\"><img loading=\"lazy\" decoding=\"async\" width=\"1024\" height=\"682\" src=\"https:\/\/tannenhof-griesheim.de\/wp-content\/uploads\/2025\/01\/Home_Kurse-1024x682.jpg\" alt=\"\" class=\"wp-image-243\" srcset=\"https:\/\/tannenhof-griesheim.de\/wp-content\/uploads\/2025\/01\/Home_Kurse-1024x682.jpg 1024w, https:\/\/tannenhof-griesheim.de\/wp-content\/uploads\/2025\/01\/Home_Kurse-300x200.jpg 300w, https:\/\/tannenhof-griesheim.de\/wp-content\/uploads\/2025\/01\/Home_Kurse-768x511.jpg 768w, https:\/\/tannenhof-griesheim.de\/wp-content\/uploads\/2025\/01\/Home_Kurse.jpg 1041w\" sizes=\"auto, (max-width: 1024px) 100vw, 1024px\" \/><\/figure>\n\n\n\n<p class=\"wp-block-tannenhof-textarea-zitat zitat\">Kurse &amp; Seminare<\/p>\n\n\n\n<div class=\"wp-block-group\"><div class=\"wp-block-group__inner-container is-layout-constrained wp-block-group-is-layout-constrained\">\n<p><strong><em>Fortbildung ist der Schl\u00fcssel zu pers\u00f6nlichem und reiterlichem Fortschritt<\/em><\/strong><br>Auf dem Tannenhof bieten wir ein inspirierendes Umfeld in dem Lernen und Verstehen im Mittelpunkt stehen.<br><br>Entdecke unsere Kurse und Seminare ausgew\u00e4hlter Trainer und lasse dich von den Lehren alter Reitmeister, sowie modernen Ans\u00e4tzen der Reitkunst inspirieren<br><br><strong><em>Entfalte durch Weiterbildung dein volles Potenzial<br>&#8211; f\u00fcr eine harmonische Partnerschaft mit deinem Pferd<\/em><\/strong><\/p>\n<\/div><\/div>\n\n\n\n<p class=\"wp-block-tannenhof-textarea-zitat zitat\">Veranstaltungskalender<\/p>\n\n\n\n<p class=\"wp-block-tannenhof-textarea-zitat zitat margin-top-30\">10. Oktober 2025<\/p>\n\n\n\n<figure class=\"wp-block-image size-full is-resized no-bottom-margin\"><a href=\"https:\/\/tannenhof-griesheim.de\/index.php\/theorieseminar\/\"><img loading=\"lazy\" decoding=\"async\" width=\"1440\" height=\"1080\" src=\"https:\/\/tannenhof-griesheim.de\/wp-content\/uploads\/2025\/07\/image3-edited.jpeg\" alt=\"\" class=\"wp-image-467\" style=\"width:840px;height:auto\" srcset=\"https:\/\/tannenhof-griesheim.de\/wp-content\/uploads\/2025\/07\/image3-edited.jpeg 1440w, https:\/\/tannenhof-griesheim.de\/wp-content\/uploads\/2025\/07\/image3-edited-300x225.jpeg 300w, https:\/\/tannenhof-griesheim.de\/wp-content\/uploads\/2025\/07\/image3-edited-1024x768.jpeg 1024w, https:\/\/tannenhof-griesheim.de\/wp-content\/uploads\/2025\/07\/image3-edited-768x576.jpeg 768w\" sizes=\"auto, (max-width: 1440px) 100vw, 1440px\" \/><\/a><\/figure>\n\n\n\n<div class=\"green-block-center-std\"><p><em><a href=\"https:\/\/tannenhof-griesheim.de\/index.php\/theorieseminar\">Theorieseminar mit Dr. Diana Krischke<\/a><\/p><\/div>\n\n\n\n<div class=\"text-block-button\">\n  <a href=\"https:\/\/tannenhof-griesheim.de\/index.php\/theorieseminar\" rel=\"noopener noreferrer\">\n    <span class=\"button-frame\">mehr erfahren<\/span>\n  <\/a>\n<\/div>\n\n\n\n<p class=\"wp-block-tannenhof-textarea-zitat zitat margin-top-30\">11.-12. Oktober 2025\nReitkurs<\/p>\n\n\n\n<figure class=\"wp-block-image size-large is-resized no-bottom-margin\"><a href=\"https:\/\/tannenhof-griesheim.de\/index.php\/reitkurs\/\"><img loading=\"lazy\" decoding=\"async\" width=\"780\" height=\"585\" src=\"https:\/\/tannenhof-griesheim.de\/wp-content\/uploads\/2025\/07\/image1-edited-1.jpeg\" alt=\"\" class=\"wp-image-468\" style=\"width:840px;height:auto\" srcset=\"https:\/\/tannenhof-griesheim.de\/wp-content\/uploads\/2025\/07\/image1-edited-1.jpeg 780w, https:\/\/tannenhof-griesheim.de\/wp-content\/uploads\/2025\/07\/image1-edited-1-300x225.jpeg 300w, https:\/\/tannenhof-griesheim.de\/wp-content\/uploads\/2025\/07\/image1-edited-1-768x576.jpeg 768w\" sizes=\"auto, (max-width: 780px) 100vw, 780px\" \/><\/a><\/figure>\n\n\n\n<div class=\"green-block-center-std\"><p><em><a href=\"https:\/\/tannenhof-griesheim.de\/index.php\/theorieseminar\">Reitkurs mit Dr. Diana Krischke<\/a><\/p><\/div>\n\n\n\n\n<div class=\"text-block-button margin-bottom-25\">\n  <a href=\"https:\/\/tannenhof-griesheim.de\/index.php\/reitkurs\/\" rel=\"noopener noreferrer\">\n    <span class=\"button-frame\">mehr erfahren<\/span>\n  <\/a>\n<\/div>\n\n\n\n<div class=\"trenner-green\"><\/div>\n\n\n\n<figure class=\"wp-block-image size-large no-bottom-margin\"><img loading=\"lazy\" decoding=\"async\" width=\"1024\" height=\"342\" src=\"https:\/\/tannenhof-griesheim.de\/wp-content\/uploads\/2025\/01\/Footer-1024x342.jpg\" alt=\"\" class=\"wp-image-223\" srcset=\"https:\/\/tannenhof-griesheim.de\/wp-content\/uploads\/2025\/01\/Footer-1024x342.jpg 1024w, https:\/\/tannenhof-griesheim.de\/wp-content\/uploads\/2025\/01\/Footer-300x100.jpg 300w, https:\/\/tannenhof-griesheim.de\/wp-content\/uploads\/2025\/01\/Footer-768x257.jpg 768w, https:\/\/tannenhof-griesheim.de\/wp-content\/uploads\/2025\/01\/Footer-1536x513.jpg 1536w, https:\/\/tannenhof-griesheim.de\/wp-content\/uploads\/2025\/01\/Footer.jpg 1679w\" sizes=\"auto, (max-width: 1024px) 100vw, 1024px\" \/><\/figure>\n","protected":false},"excerpt":{"rendered":"<p>Kurse &amp; Seminare Fortbildung ist der Schl\u00fcssel zu pers\u00f6nlichem und reiterlichem FortschrittAuf dem Tannenhof bieten wir ein inspirierendes Umfeld in dem Lernen und Verstehen im Mittelpunkt stehen. Entdecke unsere Kurse und Seminare ausgew\u00e4hlter Trainer und lasse dich von den Lehren alter Reitmeister, sowie modernen Ans\u00e4tzen der Reitkunst inspirieren Entfalte durch Weiterbildung dein volles Potenzial&#8211; f\u00fcr [&hellip;]<\/p>\n","protected":false},"author":1,"featured_media":0,"parent":0,"menu_order":0,"comment_status":"closed","ping_status":"closed","template":"","meta":{"footnotes":""},"class_list":["post-19","page","type-page","status-publish","hentry"],"_links":{"self":[{"href":"https:\/\/tannenhof-griesheim.de\/index.php\/wp-json\/wp\/v2\/pages\/19","targetHints":{"allow":["GET"]}}],"collection":[{"href":"https:\/\/tannenhof-griesheim.de\/index.php\/wp-json\/wp\/v2\/pages"}],"about":[{"href":"https:\/\/tannenhof-griesheim.de\/index.php\/wp-json\/wp\/v2\/types\/page"}],"author":[{"embeddable":true,"href":"https:\/\/tannenhof-griesheim.de\/index.php\/wp-json\/wp\/v2\/users\/1"}],"replies":[{"embeddable":true,"href":"https:\/\/tannenhof-griesheim.de\/index.php\/wp-json\/wp\/v2\/comments?post=19"}],"version-history":[{"count":30,"href":"https:\/\/tannenhof-griesheim.de\/index.php\/wp-json\/wp\/v2\/pages\/19\/revisions"}],"predecessor-version":[{"id":535,"href":"https:\/\/tannenhof-griesheim.de\/index.php\/wp-json\/wp\/v2\/pages\/19\/revisions\/535"}],"wp:attachment":[{"href":"https:\/\/tannenhof-griesheim.de\/index.php\/wp-json\/wp\/v2\/media?parent=19"}],"curies":[{"name":"wp","href":"https:\/\/api.w.org\/{rel}","templated":true}]}}