

{"id":476,"date":"2025-07-03T11:52:38","date_gmt":"2025-07-03T11:52:38","guid":{"rendered":"https:\/\/tannenhof-griesheim.de\/?page_id=476"},"modified":"2025-07-08T13:43:42","modified_gmt":"2025-07-08T13:43:42","slug":"theorieseminar","status":"publish","type":"page","link":"https:\/\/tannenhof-griesheim.de\/index.php\/theorieseminar\/","title":{"rendered":"Theorieseminar"},"content":{"rendered":"\n<figure class=\"wp-block-image size-large no-bottom-margin\"><img loading=\"lazy\" decoding=\"async\" width=\"1024\" height=\"768\" src=\"https:\/\/tannenhof-griesheim.de\/wp-content\/uploads\/2025\/07\/image3-edited-1024x768.jpeg\" alt=\"\" class=\"wp-image-467\" srcset=\"https:\/\/tannenhof-griesheim.de\/wp-content\/uploads\/2025\/07\/image3-edited-1024x768.jpeg 1024w, https:\/\/tannenhof-griesheim.de\/wp-content\/uploads\/2025\/07\/image3-edited-300x225.jpeg 300w, https:\/\/tannenhof-griesheim.de\/wp-content\/uploads\/2025\/07\/image3-edited-768x576.jpeg 768w, https:\/\/tannenhof-griesheim.de\/wp-content\/uploads\/2025\/07\/image3-edited.jpeg 1440w\" sizes=\"auto, (max-width: 1024px) 100vw, 1024px\" \/><\/figure>\n\n\n\n<p class=\"wp-block-tannenhof-textarea-zitat zitat\">Theorieseminar mit Dr. Diana Krischke<\/p>\n\n\n\n<div class=\"wp-block-group\"><div class=\"wp-block-group__inner-container is-layout-constrained wp-block-group-is-layout-constrained\">\n<h2 class=\"wp-block-heading\"><em>Vortrag: Gesundes Reiten<\/em><\/h2>\n\n\n\n<p><strong><em>Wann und wo?<\/em><\/strong><br><br>Am 10.10.2025 von 18Uhr bis ca 21Uhr<br><br>Im Restaurant TuS Griesheim<br>Jahnstra\u00dfe 20<br>64347 Griesheim<br><br><strong><em>Das erwartet dich:<br>Gesundes Reiten \u2013 gutes Reiten \u2013 schlechtes Reiten?!<\/em><\/strong><br><br>Diana Krischke gibt uns in einem 2-3 st\u00fcndigen Vortrag viele Anregungen \u00fcber unsere Arbeit mit Pferden nachzudenken. Humorvoll und spannend pr\u00e4sentiert, liefern ihre Vortr\u00e4ge f\u00fcr alle Reiter Denkanst\u00f6\u00dfe und neue Ideen. Jedes Pferd\/Reiter-Paar bringt andere Voraussetzungen mit &#8211; die Gelegenheit, das Thema Reitausbildung aus verschiedenen Blickwinkeln auch zu einer grunds\u00e4tzlichen Ethik zu beleuchten!<\/p>\n\n\n\n<ul class=\"wp-block-list\">\n<li>Gibt es &#8222;gute&#8220; und &#8222;schlechte&#8220; Reitweisen?<\/li>\n\n\n\n<li>Woran kann ich mich orientieren, wenn ich mein Pferd k\u00f6rperlich und psychisch gesund reiten m\u00f6chte?<\/li>\n\n\n\n<li>Woran erkenne ich, ob ich gesund reite?<\/li>\n<\/ul>\n\n\n\n<p>Dieses Seminar dreht sich sowohl um physische als auch um psychische Aspekte, die wir h\u00e4ufig vergessen, wenn wir uns auf das Pferd setzen. Diana gibt uns an diesem Abend eine Zusammenfassung zum Thema &#8222;Gesundes Reiten&#8220; und verbindet aktuelles interdisziplin\u00e4res Fachwissen (Hufe, Ern\u00e4hrung, Medizin, Heilpraktikern, Historikern) mit dem Wissen der alten Meister.<\/p>\n<\/div><\/div>\n\n\n\n<figure class=\"wp-block-image size-full\"><img loading=\"lazy\" decoding=\"async\" width=\"960\" height=\"660\" src=\"https:\/\/tannenhof-griesheim.de\/wp-content\/uploads\/2025\/07\/image0.jpeg\" alt=\"\" class=\"wp-image-491\" srcset=\"https:\/\/tannenhof-griesheim.de\/wp-content\/uploads\/2025\/07\/image0.jpeg 960w, https:\/\/tannenhof-griesheim.de\/wp-content\/uploads\/2025\/07\/image0-300x206.jpeg 300w, https:\/\/tannenhof-griesheim.de\/wp-content\/uploads\/2025\/07\/image0-768x528.jpeg 768w\" sizes=\"auto, (max-width: 960px) 100vw, 960px\" \/><\/figure>\n\n\n\n<div class=\"wp-block-group\"><div class=\"wp-block-group__inner-container is-layout-constrained wp-block-group-is-layout-constrained\">\n<p><strong><em>\u00dcber Diana Krischke:<\/em><\/strong><br>Diana Krischke ist promovierte Pferdewissenschaftlerin und Bereiterin der f\u00fcrstlichen Hofreitschule B\u00fcckeburg. Sie verf\u00fcgt \u00fcber jahrzehntelange Erfahrung im Umgang mit Pferden und vereint fundiertes theoretisches Wissen mit exzellenter praktischer Umsetzung und Reiterfahrung.<br><br>Mehr ist auf ihrer Homepage zu finden:<br><a href=\"http:\/\/www.diana-krischke.de\">www.diana-krischke.de<\/a><br><br><strong><em>Ablauf:<\/em><\/strong><br>Der Vortrag geht etwa 2-3 Stunden und es wird eine Pause von ca 30min geben.<br><br>In der Pause und nach dem Vortrag d\u00fcrfen Diana gerne Fragen gestellt werden und angeregte Gespr\u00e4che gef\u00fchrt werden.<br><br><strong><em>Verpflegung:<\/em><\/strong><br>Auf eigene Kosten kann im Restaurant gegessen und getrunken werden<br>Eine Speisekarte gibt es unter <a href=\"http:\/\/www.restauranttus.de\">www.restauranttus.de<\/a><br><br><strong><em>Kosten:<\/em><\/strong><br>Teilnahme pro Person 40\u20ac<\/p>\n<\/div><\/div>\n\n\n\n<p class=\"has-text-align-center green-block no-bottom-margin\"><strong>Kontakt &amp; Anmeldung<\/strong><\/p>\n\n\n\n<p class=\"has-text-align-left green-block no-top-bottom-margin wp-block-group\">Noch Fragen?<br>Kontaktiere uns:<br><br>0155\/61620456 Telefon\/WhatsApp<br><a href=\"mailto:info@tannenhof-griesheim.de\">info@tannenhof-griesheim.de<\/a><\/p>\n\n\n\n<div class=\"wp-block-group green-block-border\"><div class=\"wp-block-group__inner-container is-layout-constrained wp-block-group-is-layout-constrained\">\n<p class=\"has-text-align-center\">Verbindliche Anmeldung zum Theorieseminar am 10.10.2025<br>per WhatsApp unter 0155\/61620456<br>oder per Email unter <a href=\"mailto:info@tannenhof-griesheim.de\">info@tannenhof-griesheim.de<\/a><\/p>\n<\/div><\/div>\n\n\n\n<figure class=\"wp-block-image size-large no-bottom-margin\"><img loading=\"lazy\" decoding=\"async\" width=\"1024\" height=\"342\" src=\"https:\/\/tannenhof-griesheim.de\/wp-content\/uploads\/2025\/01\/Footer-1024x342.jpg\" alt=\"\" class=\"wp-image-223\" srcset=\"https:\/\/tannenhof-griesheim.de\/wp-content\/uploads\/2025\/01\/Footer-1024x342.jpg 1024w, https:\/\/tannenhof-griesheim.de\/wp-content\/uploads\/2025\/01\/Footer-300x100.jpg 300w, https:\/\/tannenhof-griesheim.de\/wp-content\/uploads\/2025\/01\/Footer-768x257.jpg 768w, https:\/\/tannenhof-griesheim.de\/wp-content\/uploads\/2025\/01\/Footer-1536x513.jpg 1536w, https:\/\/tannenhof-griesheim.de\/wp-content\/uploads\/2025\/01\/Footer.jpg 1679w\" sizes=\"auto, (max-width: 1024px) 100vw, 1024px\" \/><\/figure>\n","protected":false},"excerpt":{"rendered":"<p>Theorieseminar mit Dr. Diana Krischke Vortrag: Gesundes Reiten Wann und wo? Am 10.10.2025 von 18Uhr bis ca 21Uhr Im Restaurant TuS GriesheimJahnstra\u00dfe 2064347 Griesheim Das erwartet dich:Gesundes Reiten \u2013 gutes Reiten \u2013 schlechtes Reiten?! Diana Krischke gibt uns in einem 2-3 st\u00fcndigen Vortrag viele Anregungen \u00fcber unsere Arbeit mit Pferden nachzudenken. Humorvoll und spannend pr\u00e4sentiert, [&hellip;]<\/p>\n","protected":false},"author":1,"featured_media":0,"parent":0,"menu_order":0,"comment_status":"closed","ping_status":"closed","template":"","meta":{"footnotes":""},"class_list":["post-476","page","type-page","status-publish","hentry"],"_links":{"self":[{"href":"https:\/\/tannenhof-griesheim.de\/index.php\/wp-json\/wp\/v2\/pages\/476","targetHints":{"allow":["GET"]}}],"collection":[{"href":"https:\/\/tannenhof-griesheim.de\/index.php\/wp-json\/wp\/v2\/pages"}],"about":[{"href":"https:\/\/tannenhof-griesheim.de\/index.php\/wp-json\/wp\/v2\/types\/page"}],"author":[{"embeddable":true,"href":"https:\/\/tannenhof-griesheim.de\/index.php\/wp-json\/wp\/v2\/users\/1"}],"replies":[{"embeddable":true,"href":"https:\/\/tannenhof-griesheim.de\/index.php\/wp-json\/wp\/v2\/comments?post=476"}],"version-history":[{"count":35,"href":"https:\/\/tannenhof-griesheim.de\/index.php\/wp-json\/wp\/v2\/pages\/476\/revisions"}],"predecessor-version":[{"id":538,"href":"https:\/\/tannenhof-griesheim.de\/index.php\/wp-json\/wp\/v2\/pages\/476\/revisions\/538"}],"wp:attachment":[{"href":"https:\/\/tannenhof-griesheim.de\/index.php\/wp-json\/wp\/v2\/media?parent=476"}],"curies":[{"name":"wp","href":"https:\/\/api.w.org\/{rel}","templated":true}]}}