

{"id":523,"date":"2025-07-07T07:54:02","date_gmt":"2025-07-07T07:54:02","guid":{"rendered":"https:\/\/tannenhof-griesheim.de\/?page_id=523"},"modified":"2025-07-08T13:44:02","modified_gmt":"2025-07-08T13:44:02","slug":"reitkurs","status":"publish","type":"page","link":"https:\/\/tannenhof-griesheim.de\/index.php\/reitkurs\/","title":{"rendered":"Reitkurs"},"content":{"rendered":"\n<figure class=\"wp-block-image size-full no-bottom-margin\"><img loading=\"lazy\" decoding=\"async\" width=\"878\" height=\"585\" src=\"https:\/\/tannenhof-griesheim.de\/wp-content\/uploads\/2025\/07\/image1-edited.jpeg\" alt=\"\" class=\"wp-image-466\" srcset=\"https:\/\/tannenhof-griesheim.de\/wp-content\/uploads\/2025\/07\/image1-edited.jpeg 878w, https:\/\/tannenhof-griesheim.de\/wp-content\/uploads\/2025\/07\/image1-edited-300x200.jpeg 300w, https:\/\/tannenhof-griesheim.de\/wp-content\/uploads\/2025\/07\/image1-edited-768x512.jpeg 768w\" sizes=\"auto, (max-width: 878px) 100vw, 878px\" \/><\/figure>\n\n\n\n<p class=\"wp-block-tannenhof-textarea-zitat zitat\">Reitkurs mit Dr. Diana Krischke<\/p>\n\n\n\n<div class=\"wp-block-group\"><div class=\"wp-block-group__inner-container is-layout-constrained wp-block-group-is-layout-constrained\">\n<h2 class=\"wp-block-heading\"><em>Wochenend-Reitkurs<\/em><\/h2>\n\n\n\n<p><strong><em>Wann und wo?<\/em><\/strong><br>Am 11. und 12.10.2025 ab 9Uhr<br>Auf dem Tannenhof<br>R\u00fcckgasse 5<br>64347 Griesheim<\/p>\n\n\n\n<p><strong><em>Das erwartet dich:<\/em><\/strong><br>Unterricht von 6 Pferd-Reiter Paaren, die in jeweils 3 Einheiten individuell<br>gef\u00f6rdert werden, sowie ein lehrreicher Austausch untereinander. Auch<br>Zuschauer k\u00f6nnen sich gerne einbringen, Fragen und angeregte<br>Unterhaltungen sind erw\u00fcnscht.<\/p>\n\n\n\n<p><strong><em>Anforderungen an die Teilnehmer:<\/em><\/strong><br>Ein z\u00fcgelunabh\u00e4ngiger Sitz und ein offener Kopf.<br>Das Niveau der Reiter und Pferde, sowie die Reitweise, Pferderasse oder<br>Herangehensweise kann gerne unterschiedlich sein.<\/p>\n<\/div><\/div>\n\n\n\n<figure class=\"wp-block-image size-full\"><img loading=\"lazy\" decoding=\"async\" width=\"960\" height=\"660\" src=\"https:\/\/tannenhof-griesheim.de\/wp-content\/uploads\/2025\/07\/image0.jpeg\" alt=\"\" class=\"wp-image-491\" srcset=\"https:\/\/tannenhof-griesheim.de\/wp-content\/uploads\/2025\/07\/image0.jpeg 960w, https:\/\/tannenhof-griesheim.de\/wp-content\/uploads\/2025\/07\/image0-300x206.jpeg 300w, https:\/\/tannenhof-griesheim.de\/wp-content\/uploads\/2025\/07\/image0-768x528.jpeg 768w\" sizes=\"auto, (max-width: 960px) 100vw, 960px\" \/><\/figure>\n\n\n\n<div class=\"wp-block-group\"><div class=\"wp-block-group__inner-container is-layout-constrained wp-block-group-is-layout-constrained\">\n<p><strong><em>\u00dcber Diana Krischke:<\/em><\/strong><br>Diana Krischke ist promovierte Pferdewissenschaftlerin und Bereiterin der f\u00fcrstlichen Hofreitschule B\u00fcckeburg. Sie verf\u00fcgt \u00fcber jahrzehntelange Erfahrung im Umgang mit Pferden und vereint fundiertes theoretisches Wissen mit exzellenter praktischer Umsetzung und Reiterfahrung.<br>Mehr ist auf ihrer Homepage zu finden: www.diana-krischke.de<\/p>\n\n\n\n<p><strong><em>Ablauf:<\/em><\/strong><br>Am Samstag sind es 2 Einheiten pro Teilnehmer, am Sonntag eine.<br>Samstag Mittag wird es eine Pause geben. Die Reiteinheiten dauern ca. 45min, abh\u00e4ngig vom jeweiligen Pferd-Reiter Paar.<\/p>\n\n\n\n<p><strong><em>Verpflegung:<\/em><\/strong><br>Ein warmes Mittagessen am Samstag (Chili con\/sin carne) sowie Getr\u00e4nke und Snacks sind f\u00fcr alle inklusive.<\/p>\n\n\n\n<p><strong><em>Kosten:<\/em><\/strong><br>aktiver Teilnehmerplatz: 450\u20ac<br>Gastbox (inkl. Heu und Misten): 20\u20ac<br>Zuschauerpl\u00e4tze<br>Samstag (inkl. Mittagessen): 50\u20ac<br>Sonntag: 25\u20ac<br>Beide Tage: 65\u20ac<\/p>\n<\/div><\/div>\n\n\n\n<p class=\"has-text-align-center green-block no-bottom-margin\"><strong>Kontakt &amp; Anmeldung<\/strong><\/p>\n\n\n\n<p class=\"has-text-align-left green-block no-top-bottom-margin wp-block-group\">Noch Fragen?<br>Kontaktiere uns:<br><br>0155\/61620456 Telefon\/WhatsApp<br><a href=\"mailto:info@tannenhof-griesheim.de\">info@tannenhof-griesheim.de<\/a><\/p>\n\n\n\n<div class=\"wp-block-group green-block-border\"><div class=\"wp-block-group__inner-container is-layout-constrained wp-block-group-is-layout-constrained\">\n<p class=\"has-text-align-center\">Verbindliche Anmeldung als Zuschauer\/Teilnehmer<br>per WhatsApp unter 0155\/61620456<br>oder per Email unter <a href=\"mailto:info@tannenhof-griesheim.de\">info@tannenhof-griesheim.de<\/a><\/p>\n<\/div><\/div>\n\n\n\n<figure class=\"wp-block-image size-large no-bottom-margin\"><img loading=\"lazy\" decoding=\"async\" width=\"1024\" height=\"342\" src=\"https:\/\/tannenhof-griesheim.de\/wp-content\/uploads\/2025\/01\/Footer-1024x342.jpg\" alt=\"\" class=\"wp-image-223\" srcset=\"https:\/\/tannenhof-griesheim.de\/wp-content\/uploads\/2025\/01\/Footer-1024x342.jpg 1024w, https:\/\/tannenhof-griesheim.de\/wp-content\/uploads\/2025\/01\/Footer-300x100.jpg 300w, https:\/\/tannenhof-griesheim.de\/wp-content\/uploads\/2025\/01\/Footer-768x257.jpg 768w, https:\/\/tannenhof-griesheim.de\/wp-content\/uploads\/2025\/01\/Footer-1536x513.jpg 1536w, https:\/\/tannenhof-griesheim.de\/wp-content\/uploads\/2025\/01\/Footer.jpg 1679w\" sizes=\"auto, (max-width: 1024px) 100vw, 1024px\" \/><\/figure>\n","protected":false},"excerpt":{"rendered":"<p>Reitkurs mit Dr. Diana Krischke Wochenend-Reitkurs Wann und wo?Am 11. und 12.10.2025 ab 9UhrAuf dem TannenhofR\u00fcckgasse 564347 Griesheim Das erwartet dich:Unterricht von 6 Pferd-Reiter Paaren, die in jeweils 3 Einheiten individuellgef\u00f6rdert werden, sowie ein lehrreicher Austausch untereinander. AuchZuschauer k\u00f6nnen sich gerne einbringen, Fragen und angeregteUnterhaltungen sind erw\u00fcnscht. Anforderungen an die Teilnehmer:Ein z\u00fcgelunabh\u00e4ngiger Sitz und ein [&hellip;]<\/p>\n","protected":false},"author":1,"featured_media":0,"parent":0,"menu_order":0,"comment_status":"closed","ping_status":"closed","template":"","meta":{"footnotes":""},"class_list":["post-523","page","type-page","status-publish","hentry"],"_links":{"self":[{"href":"https:\/\/tannenhof-griesheim.de\/index.php\/wp-json\/wp\/v2\/pages\/523","targetHints":{"allow":["GET"]}}],"collection":[{"href":"https:\/\/tannenhof-griesheim.de\/index.php\/wp-json\/wp\/v2\/pages"}],"about":[{"href":"https:\/\/tannenhof-griesheim.de\/index.php\/wp-json\/wp\/v2\/types\/page"}],"author":[{"embeddable":true,"href":"https:\/\/tannenhof-griesheim.de\/index.php\/wp-json\/wp\/v2\/users\/1"}],"replies":[{"embeddable":true,"href":"https:\/\/tannenhof-griesheim.de\/index.php\/wp-json\/wp\/v2\/comments?post=523"}],"version-history":[{"count":7,"href":"https:\/\/tannenhof-griesheim.de\/index.php\/wp-json\/wp\/v2\/pages\/523\/revisions"}],"predecessor-version":[{"id":539,"href":"https:\/\/tannenhof-griesheim.de\/index.php\/wp-json\/wp\/v2\/pages\/523\/revisions\/539"}],"wp:attachment":[{"href":"https:\/\/tannenhof-griesheim.de\/index.php\/wp-json\/wp\/v2\/media?parent=523"}],"curies":[{"name":"wp","href":"https:\/\/api.w.org\/{rel}","templated":true}]}}