

{"id":6,"date":"2024-12-20T09:00:26","date_gmt":"2024-12-20T09:00:26","guid":{"rendered":"https:\/\/tannenhof-griesheim.de\/?page_id=6"},"modified":"2025-04-03T10:41:46","modified_gmt":"2025-04-03T10:41:46","slug":"startseite","status":"publish","type":"page","link":"https:\/\/tannenhof-griesheim.de\/","title":{"rendered":"Home"},"content":{"rendered":"\n<figure class=\"wp-block-image size-large no-margin\"><img loading=\"lazy\" decoding=\"async\" width=\"1024\" height=\"209\" src=\"https:\/\/tannenhof-griesheim.de\/wp-content\/uploads\/2025\/01\/Header-1024x209.jpg\" alt=\"\" class=\"wp-image-221\" srcset=\"https:\/\/tannenhof-griesheim.de\/wp-content\/uploads\/2025\/01\/Header-1024x209.jpg 1024w, https:\/\/tannenhof-griesheim.de\/wp-content\/uploads\/2025\/01\/Header-300x61.jpg 300w, https:\/\/tannenhof-griesheim.de\/wp-content\/uploads\/2025\/01\/Header-768x157.jpg 768w, https:\/\/tannenhof-griesheim.de\/wp-content\/uploads\/2025\/01\/Header.jpg 1208w\" sizes=\"auto, (max-width: 1024px) 100vw, 1024px\" \/><\/figure>\n\n\n\n<p class=\"wp-block-tannenhof-textarea-zitat zitat\">\u201eWir m\u00fcssen mit Pferden nur eines,<br>\nZeit sch\u00f6n verbringen.&#8220; <br><span class=\"zitat-author\">~Bent Branderup<\/span><\/p>\n\n\n\n<p class=\"has-text-align-center txt-beige\"><em>Reitkunst &#8211; Hengsthaltung &#8211; Passion<\/em><br><br>Wir m\u00f6chten einen Ort der Harmonie schaffen. Ein Ort an dem Pferde sowie Menschen gerne ihre Zeit verbringen. Ein Ort um sich weiterbilden zu k\u00f6nnen.<br><br>Wir als Familienbetrieb setzen dies mit Herzblut um und gew\u00e4hrleisten durch die N\u00e4he zu unseren Kunden und den Pferden Qualit\u00e4t und Individualit\u00e4t.<\/p>\n\n\n\n<div class=\"wp-block-tannenhof-image-text-block-right menu-block img-left\"><img decoding=\"async\" src=\"https:\/\/tannenhof-griesheim.de\/wp-content\/uploads\/2025\/01\/Home_Philosophie.jpg\" alt=\"\"\/><a href=\"https:\/\/tannenhof-griesheim.de\/index.php\/unsere-philosophie\" rel=\"noopener noreferrer\"><p><span class=\"inner-frame\">Unsere Philosophie<\/span><\/p><\/a><\/div>\n\n\n\n<div class=\"wp-block-tannenhof-image-text-block-left menu-block img-right\"><a href=\"https:\/\/tannenhof-griesheim.de\/index.php\/stall\" rel=\"noopener noreferrer\"><p><span class=\"inner-frame\">Stall<\/span><\/p><\/a><img decoding=\"async\" src=\"https:\/\/tannenhof-griesheim.de\/wp-content\/uploads\/2025\/01\/Stall.jpg\" alt=\"\"\/><\/div>\n\n\n\n<div class=\"wp-block-tannenhof-image-text-block-right menu-block img-left\"><img decoding=\"async\" src=\"https:\/\/tannenhof-griesheim.de\/wp-content\/uploads\/2025\/02\/079E7742-E588-4C1A-835A-FECE6AE038A4.jpeg\" alt=\"\"\/><a href=\"https:\/\/tannenhof-griesheim.de\/index.php\/unterricht-beritt\" rel=\"noopener noreferrer\"><p><span class=\"inner-frame\">Unterricht &amp; Beritt<\/span><\/p><\/a><\/div>\n\n\n\n<div class=\"wp-block-tannenhof-image-text-block-left menu-block img-right\"><a href=\"https:\/\/tannenhof-griesheim.de\/index.php\/kurse-seminare\" rel=\"noopener noreferrer\"><p><span class=\"inner-frame\">Kurse &amp; Seminare<\/span><\/p><\/a><img decoding=\"async\" src=\"https:\/\/tannenhof-griesheim.de\/wp-content\/uploads\/2025\/01\/Home_Kurse.jpg\" alt=\"\"\/><\/div>\n\n\n\n<div class=\"wp-block-tannenhof-image-text-block-right menu-block img-left\"><img decoding=\"async\" src=\"https:\/\/tannenhof-griesheim.de\/wp-content\/uploads\/2025\/01\/Home_Team.jpg\" alt=\"\"\/><a href=\"https:\/\/tannenhof-griesheim.de\/index.php\/unser-team\" rel=\"noopener noreferrer\"><p><span class=\"inner-frame\">Unser Team<\/span><\/p><\/a><\/div>\n\n\n\n<div class=\"wp-block-tannenhof-image-text-block-left menu-block img-right\"><a href=\"https:\/\/tannenhof-griesheim.de\/index.php\/galerie\" rel=\"noopener noreferrer\"><p><span class=\"inner-frame\">Galerie<\/span><\/p><\/a><img decoding=\"async\" src=\"https:\/\/tannenhof-griesheim.de\/wp-content\/uploads\/2025\/01\/Home_Galerie.jpg\" alt=\"\"\/><\/div>\n\n\n\n<p class=\"wp-block-tannenhof-textarea-zitat zitat margin-top-30\">\u201eReiten ist die Suche nach Sch\u00f6nheit,\nGeradlinigkeit und Wahrheit\u201c <br><span class=\"zitat-author\">~Nuno Oliveira<\/span><\/p>\n\n\n\n<figure class=\"wp-block-image size-large no-bottom-margin\"><img loading=\"lazy\" decoding=\"async\" width=\"1024\" height=\"342\" src=\"https:\/\/tannenhof-griesheim.de\/wp-content\/uploads\/2025\/01\/Footer-1024x342.jpg\" alt=\"\" class=\"wp-image-223\" srcset=\"https:\/\/tannenhof-griesheim.de\/wp-content\/uploads\/2025\/01\/Footer-1024x342.jpg 1024w, https:\/\/tannenhof-griesheim.de\/wp-content\/uploads\/2025\/01\/Footer-300x100.jpg 300w, https:\/\/tannenhof-griesheim.de\/wp-content\/uploads\/2025\/01\/Footer-768x257.jpg 768w, https:\/\/tannenhof-griesheim.de\/wp-content\/uploads\/2025\/01\/Footer-1536x513.jpg 1536w, https:\/\/tannenhof-griesheim.de\/wp-content\/uploads\/2025\/01\/Footer.jpg 1679w\" sizes=\"auto, (max-width: 1024px) 100vw, 1024px\" \/><\/figure>\n","protected":false},"excerpt":{"rendered":"<p>\u201eWir m\u00fcssen mit Pferden nur eines, Zeit sch\u00f6n verbringen.&#8220; ~Bent Branderup Reitkunst &#8211; Hengsthaltung &#8211; Passion Wir m\u00f6chten einen Ort der Harmonie schaffen. Ein Ort an dem Pferde sowie Menschen gerne ihre Zeit verbringen. Ein Ort um sich weiterbilden zu k\u00f6nnen. Wir als Familienbetrieb setzen dies mit Herzblut um und gew\u00e4hrleisten durch die N\u00e4he zu [&hellip;]<\/p>\n","protected":false},"author":1,"featured_media":0,"parent":0,"menu_order":0,"comment_status":"closed","ping_status":"closed","template":"","meta":{"footnotes":""},"class_list":["post-6","page","type-page","status-publish","hentry"],"_links":{"self":[{"href":"https:\/\/tannenhof-griesheim.de\/index.php\/wp-json\/wp\/v2\/pages\/6","targetHints":{"allow":["GET"]}}],"collection":[{"href":"https:\/\/tannenhof-griesheim.de\/index.php\/wp-json\/wp\/v2\/pages"}],"about":[{"href":"https:\/\/tannenhof-griesheim.de\/index.php\/wp-json\/wp\/v2\/types\/page"}],"author":[{"embeddable":true,"href":"https:\/\/tannenhof-griesheim.de\/index.php\/wp-json\/wp\/v2\/users\/1"}],"replies":[{"embeddable":true,"href":"https:\/\/tannenhof-griesheim.de\/index.php\/wp-json\/wp\/v2\/comments?post=6"}],"version-history":[{"count":104,"href":"https:\/\/tannenhof-griesheim.de\/index.php\/wp-json\/wp\/v2\/pages\/6\/revisions"}],"predecessor-version":[{"id":444,"href":"https:\/\/tannenhof-griesheim.de\/index.php\/wp-json\/wp\/v2\/pages\/6\/revisions\/444"}],"wp:attachment":[{"href":"https:\/\/tannenhof-griesheim.de\/index.php\/wp-json\/wp\/v2\/media?parent=6"}],"curies":[{"name":"wp","href":"https:\/\/api.w.org\/{rel}","templated":true}]}}